{"id":52,"date":"2020-07-27T11:39:47","date_gmt":"2020-07-27T09:39:47","guid":{"rendered":"http:\/\/serwer10763.lh.pl\/wordpress\/?page_id=52"},"modified":"2021-01-04T15:19:35","modified_gmt":"2021-01-04T14:19:35","slug":"o-projekcie","status":"publish","type":"page","link":"https:\/\/ksiaznica.torun.pl\/muzeumcyfrowekoziol\/o-projekcie\/","title":{"rendered":"O projekcie"},"content":{"rendered":"\r\n<p style=\"text-align: center;\"><img loading=\"lazy\" decoding=\"async\" class=\"wp-image-563 aligncenter\" src=\"https:\/\/ksiaznica.torun.pl\/muzeumcyfrowekoziol\/wp-content\/uploads\/2020\/12\/thumb_920x518_17097be36663b363d8488ccef86593251540820414.png\" alt=\"\" width=\"288\" height=\"162\" srcset=\"https:\/\/ksiaznica.torun.pl\/1406\/muzeumcyfrowekoziol\/wp-content\/uploads\/2020\/12\/thumb_920x518_17097be36663b363d8488ccef86593251540820414.png 920w, https:\/\/ksiaznica.torun.pl\/1406\/muzeumcyfrowekoziol\/wp-content\/uploads\/2020\/12\/thumb_920x518_17097be36663b363d8488ccef86593251540820414-300x169.png 300w, https:\/\/ksiaznica.torun.pl\/1406\/muzeumcyfrowekoziol\/wp-content\/uploads\/2020\/12\/thumb_920x518_17097be36663b363d8488ccef86593251540820414-768x432.png 768w\" sizes=\"(max-width: 288px) 100vw, 288px\" \/><\/p>\r\n<p style=\"text-align: center;\">Kultura cyfrowa ze \u015brodk\u00f3w Ministra Kultury i Dziedzictwa Narodowego. Muzeum cyfrowe.<br \/>Dofinansowano ze \u015brodk\u00f3w Ministra Kultury i Dziedzictwa Narodowego pochodz\u0105cych z Funduszu Promocji Kultury, uzyskanych z dop\u0142at ustanowionych w grach obj\u0119tych monopolem pa\u0144stwa, zgodnie z art. 80 ust. 1 ustawy z dnia 19 listopada 2009 r. o grach hazardowych.<\/p>\r\n","protected":false},"excerpt":{"rendered":"<p>Kultura cyfrowa ze \u015brodk\u00f3w Ministra Kultury i Dziedzictwa Narodowego. Muzeum cyfrowe.Dofinansowano ze \u015brodk\u00f3w Ministra Kultury i Dziedzictwa Narodowego pochodz\u0105cych z Funduszu Promocji Kultury, uzyskanych z dop\u0142at ustanowionych w grach obj\u0119tych monopolem pa\u0144stwa, zgodnie z art. 80 ust. 1 ustawy z dnia 19 listopada 2009 r. o grach hazardowych.<\/p>\n","protected":false},"author":1,"featured_media":0,"parent":0,"menu_order":0,"comment_status":"closed","ping_status":"closed","template":"","meta":{"footnotes":""},"class_list":["post-52","page","type-page","status-publish"],"_links":{"self":[{"href":"https:\/\/ksiaznica.torun.pl\/muzeumcyfrowekoziol\/wp-json\/wp\/v2\/pages\/52"}],"collection":[{"href":"https:\/\/ksiaznica.torun.pl\/muzeumcyfrowekoziol\/wp-json\/wp\/v2\/pages"}],"about":[{"href":"https:\/\/ksiaznica.torun.pl\/muzeumcyfrowekoziol\/wp-json\/wp\/v2\/types\/page"}],"author":[{"embeddable":true,"href":"https:\/\/ksiaznica.torun.pl\/muzeumcyfrowekoziol\/wp-json\/wp\/v2\/users\/1"}],"replies":[{"embeddable":true,"href":"https:\/\/ksiaznica.torun.pl\/muzeumcyfrowekoziol\/wp-json\/wp\/v2\/comments?post=52"}],"version-history":[{"count":13,"href":"https:\/\/ksiaznica.torun.pl\/muzeumcyfrowekoziol\/wp-json\/wp\/v2\/pages\/52\/revisions"}],"predecessor-version":[{"id":2280,"href":"https:\/\/ksiaznica.torun.pl\/muzeumcyfrowekoziol\/wp-json\/wp\/v2\/pages\/52\/revisions\/2280"}],"wp:attachment":[{"href":"https:\/\/ksiaznica.torun.pl\/muzeumcyfrowekoziol\/wp-json\/wp\/v2\/media?parent=52"}],"curies":[{"name":"wp","href":"https:\/\/api.w.org\/{rel}","templated":true}]}}